{"id":2177,"date":"2013-09-02T16:25:56","date_gmt":"2013-09-02T14:25:56","guid":{"rendered":"https:\/\/www.frutas-biobena.com\/imprimir\/"},"modified":"2022-07-16T18:47:21","modified_gmt":"2022-07-16T16:47:21","slug":"aviso-legal","status":"publish","type":"page","link":"https:\/\/www.frutas-biobena.com\/es\/aviso-legal\/","title":{"rendered":"Aviso legal"},"content":{"rendered":"<p><!--:de--><\/p>\n<h3>Informaci\u00f3n de empresa<\/h3>\n<h4>Aviso Legal:<\/h4>\n<p>FRUTAS BIOBENA SL<\/p>\n<p>Forma comercial: Sociedad Limitada<\/p>\n<p>Calle Arroyo Lim\u00f3n, n\u00famero 47<br \/>\n29718 Benamargosa-(M\u00e1laga)<br \/>\nEspa\u00f1a<br \/>\nTel\u00e9fono: Maria 0034 680757012 (disponible de lunes a viernes de 9 a 14 h)<\/p>\n<p>Correo:<script type=\"text\/javascript\">\/\/ <![CDATA[ var s5 = 'com'; var s4 = '.'; var s3 = 'frutas-biobena'; var s2 = '@'; var s1 = 'info'; var prefix = 'ma' + 'il' + 'to'; var path = 'hr' + 'ef' + '='; var s6 = s1 + s2 + s3 + s4 + s5; document.write('<a ' + path + '\\'' + prefix + ':' + s6 + '\\'>');\n\t\t\t\t\t document.write(s6);\n\t\t\t\t\t document.write('<\\\/a>');\n\/\/ ]]><\/script><\/p>\n<p>N\u00famero de IVA: ESB93259794<\/p>\n<p>Responsable del contenido: Antonio Guti\u00e9rrez Santiago<\/p>\n<h3>Descargo de responsabilidad:<\/h3>\n<p>Los operadores de este sitio web no asumen ninguna responsabilidad por el contenido de los enlaces externos. Los operadores de los sitios web vinculados son los \u00fanicos responsables de su contenido.<\/p>\n<p><strong>Derechos de imagen y copyright:<\/strong><br \/>\nFrutas Biobena SL<br \/>\nFotolia:<br \/>\n\u00a9 p!xel 66 &#8211; Fotolia.com<br \/>\n\u00a9 natashamam35 &#8211; Fotolia.com<br \/>\n\u00a9 govindji &#8211; Fotolia.com<br \/>\n\u00a9 Christian Jung &#8211; Fotolia.com<\/p>\n<p><a title=\"Dise\u00f1o y realizaci\u00f3n del sitio web: Artis Web Design\" href=\"http:\/\/www.artiswebdesign.net\" target=\"_blank\" rel=\"noopener\">Dise\u00f1o y realizaci\u00f3n del sitio web: Artis Web Design<\/a><!--:--><!--:es--><\/p>\n","protected":false},"excerpt":{"rendered":"<p>Informaci\u00f3n de empresa Aviso Legal: FRUTAS BIOBENA SL Forma comercial: Sociedad Limitada Calle Arroyo Lim\u00f3n, n\u00famero 47 29718 Benamargosa-(M\u00e1laga) Espa\u00f1a Tel\u00e9fono: Maria 0034 680757012 (disponible de lunes a viernes de 9 a 14 h) Correo: N\u00famero de IVA: ESB93259794 Responsable del contenido: Antonio Guti\u00e9rrez Santiago Descargo de responsabilidad: Los operadores de este sitio web no [&hellip;]<\/p>\n","protected":false},"author":3,"featured_media":2012,"parent":0,"menu_order":200,"comment_status":"closed","ping_status":"closed","template":"","meta":{"footnotes":""},"class_list":["post-2177","page","type-page","status-publish","has-post-thumbnail","hentry"],"_links":{"self":[{"href":"https:\/\/www.frutas-biobena.com\/es\/wp-json\/wp\/v2\/pages\/2177","targetHints":{"allow":["GET"]}}],"collection":[{"href":"https:\/\/www.frutas-biobena.com\/es\/wp-json\/wp\/v2\/pages"}],"about":[{"href":"https:\/\/www.frutas-biobena.com\/es\/wp-json\/wp\/v2\/types\/page"}],"author":[{"embeddable":true,"href":"https:\/\/www.frutas-biobena.com\/es\/wp-json\/wp\/v2\/users\/3"}],"replies":[{"embeddable":true,"href":"https:\/\/www.frutas-biobena.com\/es\/wp-json\/wp\/v2\/comments?post=2177"}],"version-history":[{"count":4,"href":"https:\/\/www.frutas-biobena.com\/es\/wp-json\/wp\/v2\/pages\/2177\/revisions"}],"predecessor-version":[{"id":2633,"href":"https:\/\/www.frutas-biobena.com\/es\/wp-json\/wp\/v2\/pages\/2177\/revisions\/2633"}],"wp:featuredmedia":[{"embeddable":true,"href":"https:\/\/www.frutas-biobena.com\/es\/wp-json\/wp\/v2\/media\/2012"}],"wp:attachment":[{"href":"https:\/\/www.frutas-biobena.com\/es\/wp-json\/wp\/v2\/media?parent=2177"}],"curies":[{"name":"wp","href":"https:\/\/api.w.org\/{rel}","templated":true}]}}