{"id":2192,"date":"2013-09-02T16:17:06","date_gmt":"2013-09-02T14:17:06","guid":{"rendered":"https:\/\/www.frutas-biobena.com\/frutas-ecologicas-de-cultivo-ecologico-certificado\/"},"modified":"2022-07-26T19:41:58","modified_gmt":"2022-07-26T17:41:58","slug":"productos-bio-agricultura-ecologica","status":"publish","type":"page","link":"https:\/\/www.frutas-biobena.com\/es\/productos-bio-agricultura-ecologica\/","title":{"rendered":"Productos Bio procedentes de la agricultura ecol\u00f3gica controlada"},"content":{"rendered":"<p><!--:de--><\/p>\n<h4>Es un placer para nosotros presentarles nuestra finca ecol\u00f3gica y nuestros productos Bio.<\/h4>\n<p><strong>\u00abFRUTAS BIOBENA SL\u00bb<\/strong> es una empresa joven, din\u00e1mica, que ofrece productos bio y fue fundada en 2013. Todos los miembros fundadores y proveedores est\u00e1n integrados en la agricultura ecol\u00f3gica, son agricultores ecol\u00f3gicos hasta la m\u00e9dula y recientemente se han dedicado a vender sus productos bio. Ofrecemos nuestras frutas bio a minoristas, grupos de consumidores y hogares privados.<\/p>\n<figure id=\"attachment_2120\" aria-describedby=\"caption-attachment-2120\" style=\"width: 400px\" class=\"wp-caption alignright\"><a title=\"plantaci\u00f3n de limones\" href=\"https:\/\/www.frutas-biobena.com\/wp-content\/uploads\/Zitronenplantage.jpg\"><img loading=\"lazy\" decoding=\"async\" class=\"size-full wp-image-2120 \" title=\"plantaci\u00f3n de limones\" src=\"https:\/\/www.frutas-biobena.com\/wp-content\/uploads\/Zitronenplantage.jpg\" alt=\"\" width=\"400\" height=\"225\" srcset=\"https:\/\/www.frutas-biobena.com\/wp-content\/uploads\/Zitronenplantage.jpg 400w, https:\/\/www.frutas-biobena.com\/wp-content\/uploads\/Zitronenplantage-300x168.jpg 300w\" sizes=\"auto, (max-width: 400px) 100vw, 400px\" \/><\/a><figcaption id=\"caption-attachment-2120\" class=\"wp-caption-text\">plantaci\u00f3n de limones<\/figcaption><\/figure>\n<p>Nuestra empresa ECOL\u00d3GICA lleva el nombre <strong>de \u00abFRUTAS BIOBENA SL\u00bb<\/strong> y son las siglas de FRUTAS BIO y BENAmargosa, una peque\u00f1a comunidad tranquila, situada en el centro de la comarca de la Axarqu\u00eda, en la Costa del Sol, sede de <strong>\u00abFRUTAS BIOBENA SL\u00bb.<\/strong><\/p>\n<p>Como la mayor parte de Andaluc\u00eda, Benamargosa est\u00e1 rodeada de numerosos montes y cerros, encajada en un valle que se extiende a lo largo del r\u00edo del mismo nombre. Hay un clima mediterr\u00e1neo suave, que con raz\u00f3n se puede describir como subtropical. Ideal para cultivar nuestras frutas tropicales BIO y c\u00edtricos BIO. En las riberas del r\u00edo Benamargosa est\u00e1n los limoneros y aguacateros, y en los camellones y alturas, donde hace m\u00e1s calor, se plantan mangos y otras frutas tropicales.<\/p>\n<p><strong>Para ello, nos hemos marcado las siguientes pautas:<\/strong><\/p>\n<p><strong>Solo<\/strong> vendemos productos ecol\u00f3gicos.<\/p>\n<p>Solo <strong>vendemos<\/strong> productos ecol\u00f3gicos de Andaluc\u00eda.<\/p>\n<p>Solo <strong>vendemos<\/strong> productos ECOL\u00d3GICOS con los m\u00e1s altos est\u00e1ndares de calidad.<\/p>\n<p><strong>Respetamos<\/strong> a las personas y al medio ambiente.<\/p>\n<p><strong>Usamos<\/strong> los recursos de agua y energ\u00eda con cuidado.<\/p>\n<p><strong>Ofrecemos<\/strong> 100% de confiabilidad.<\/p>\n<p><strong><span style=\"color: #008000;\">NUESTROS PRODUCTOS EST\u00c1N LIBRES DE PESTICIDAS Y HERBICIDAS.<\/span><\/strong><\/p>\n<p><strong><span style=\"color: #008000;\">NO UTILIZAMOS NING\u00daN FERTILIZANTE ARTIFICIAL.<\/span><\/strong><\/p>\n<p><span style=\"color: #008000;\"><strong>TODAS LAS FRUTAS SE COSECHAN A MANO Y SE ENVASAN INMEDIATAMENTE.<\/strong><\/span><\/p>\n<p><span style=\"color: #008000;\"><strong>NO UTILIZAMOS CUARTOS DE MADURACI\u00d3N Y LA PIEL EXTERNA DE LAS FRUTAS NO SE TRATA. <\/strong><\/span><\/p>\n<p><span style=\"color: #008000;\"><strong>NUESTRAS FRUTAS SON ECOL\u00d3GICAS CERTIFICADAS. (CERTIFICADOR: KIWA; SEG\u00daN DIRECTIVAS UE)<br \/>\n<\/strong><\/span><\/p>\n<p><!--:--><!--:es--><\/p>\n<p>&nbsp;<\/p>\n<p><!--:--><\/p>\n","protected":false},"excerpt":{"rendered":"<p>Es un placer para nosotros presentarles nuestra finca ecol\u00f3gica y nuestros productos Bio. \u00abFRUTAS BIOBENA SL\u00bb es una empresa joven, din\u00e1mica, que ofrece productos bio y fue fundada en 2013. Todos los miembros fundadores y proveedores est\u00e1n integrados en la agricultura ecol\u00f3gica, son agricultores ecol\u00f3gicos hasta la m\u00e9dula y recientemente se han dedicado a vender [&hellip;]<\/p>\n","protected":false},"author":3,"featured_media":2118,"parent":0,"menu_order":10,"comment_status":"closed","ping_status":"closed","template":"","meta":{"footnotes":""},"class_list":["post-2192","page","type-page","status-publish","has-post-thumbnail","hentry"],"_links":{"self":[{"href":"https:\/\/www.frutas-biobena.com\/es\/wp-json\/wp\/v2\/pages\/2192","targetHints":{"allow":["GET"]}}],"collection":[{"href":"https:\/\/www.frutas-biobena.com\/es\/wp-json\/wp\/v2\/pages"}],"about":[{"href":"https:\/\/www.frutas-biobena.com\/es\/wp-json\/wp\/v2\/types\/page"}],"author":[{"embeddable":true,"href":"https:\/\/www.frutas-biobena.com\/es\/wp-json\/wp\/v2\/users\/3"}],"replies":[{"embeddable":true,"href":"https:\/\/www.frutas-biobena.com\/es\/wp-json\/wp\/v2\/comments?post=2192"}],"version-history":[{"count":15,"href":"https:\/\/www.frutas-biobena.com\/es\/wp-json\/wp\/v2\/pages\/2192\/revisions"}],"predecessor-version":[{"id":2756,"href":"https:\/\/www.frutas-biobena.com\/es\/wp-json\/wp\/v2\/pages\/2192\/revisions\/2756"}],"wp:featuredmedia":[{"embeddable":true,"href":"https:\/\/www.frutas-biobena.com\/es\/wp-json\/wp\/v2\/media\/2118"}],"wp:attachment":[{"href":"https:\/\/www.frutas-biobena.com\/es\/wp-json\/wp\/v2\/media?parent=2192"}],"curies":[{"name":"wp","href":"https:\/\/api.w.org\/{rel}","templated":true}]}}