{"id":2201,"date":"2020-12-03T23:53:51","date_gmt":"2020-12-03T21:53:51","guid":{"rendered":"https:\/\/www.frutas-biobena.com\/certificado-organico\/"},"modified":"2022-07-12T18:55:42","modified_gmt":"2022-07-12T16:55:42","slug":"certificado-ecologico","status":"publish","type":"page","link":"https:\/\/www.frutas-biobena.com\/es\/certificado-ecologico\/","title":{"rendered":"CERTIFICADO ECOL\u00d3GICO"},"content":{"rendered":"<h4><!--:de-->SOLICITE NUESTRO CERTIFICADO ECOL\u00d3GICO POR CORREO ELECTR\u00d3NICO: info@frutas-biobena.com<!--:--><!--:es--><!--:--><\/h4>\n","protected":false},"excerpt":{"rendered":"<p>SOLICITE NUESTRO CERTIFICADO ECOL\u00d3GICO POR CORREO ELECTR\u00d3NICO: info@frutas-biobena.com<\/p>\n","protected":false},"author":3,"featured_media":0,"parent":0,"menu_order":0,"comment_status":"closed","ping_status":"closed","template":"","meta":{"footnotes":""},"class_list":["post-2201","page","type-page","status-publish","hentry"],"_links":{"self":[{"href":"https:\/\/www.frutas-biobena.com\/es\/wp-json\/wp\/v2\/pages\/2201","targetHints":{"allow":["GET"]}}],"collection":[{"href":"https:\/\/www.frutas-biobena.com\/es\/wp-json\/wp\/v2\/pages"}],"about":[{"href":"https:\/\/www.frutas-biobena.com\/es\/wp-json\/wp\/v2\/types\/page"}],"author":[{"embeddable":true,"href":"https:\/\/www.frutas-biobena.com\/es\/wp-json\/wp\/v2\/users\/3"}],"replies":[{"embeddable":true,"href":"https:\/\/www.frutas-biobena.com\/es\/wp-json\/wp\/v2\/comments?post=2201"}],"version-history":[{"count":5,"href":"https:\/\/www.frutas-biobena.com\/es\/wp-json\/wp\/v2\/pages\/2201\/revisions"}],"predecessor-version":[{"id":2509,"href":"https:\/\/www.frutas-biobena.com\/es\/wp-json\/wp\/v2\/pages\/2201\/revisions\/2509"}],"wp:attachment":[{"href":"https:\/\/www.frutas-biobena.com\/es\/wp-json\/wp\/v2\/media?parent=2201"}],"curies":[{"name":"wp","href":"https:\/\/api.w.org\/{rel}","templated":true}]}}