{"id":3397,"date":"2022-11-13T12:19:39","date_gmt":"2022-11-13T10:19:39","guid":{"rendered":"https:\/\/www.frutas-biobena.com\/?post_type=product&#038;p=3397"},"modified":"2022-11-13T14:31:24","modified_gmt":"2022-11-13T12:31:24","slug":"naranjas-de-mesa-ecologicas","status":"publish","type":"product","link":"https:\/\/www.frutas-biobena.com\/es\/producto\/naranjas-de-mesa-ecologicas\/","title":{"rendered":"Naranjas de Mesa ecol\u00f3gicas"},"content":{"rendered":"<h3>Naranjas de Mesa ecol\u00f3gicas de las variedades Navelina y Navelate procedentes de la agricultura ecol\u00f3gica controlada.<\/h3>\n<p>Nuestras naranjas de mesa ecol\u00f3gicas proceden exclusivamente de fincas ecol\u00f3gicas certificadas de la Comarca Guardalhorce, provincia de M\u00e1laga-Andaluc\u00eda. El clima subtropical del sur de Andaluc\u00eda es ideal para el cultivo de c\u00edtricos.<\/p>\n<p>Las naranjas Navelina y Navelate pertenecen al grupo de las naranjas Navel y se cultivan casi exclusivamente en Espa\u00f1a. El tama\u00f1o de la fruta est\u00e1 m\u00e1s bien en el rango medio de las naranjas de ombligo. La caracter\u00edstica t\u00edpica de las naranjas de ombligo, la protuberancia en la punta del fruto, es bastante menor en la navelina. La Navelina es especialmente dulce y jugosa.<\/p>\n<p><span style=\"color: #218e53;\">Se pueden consumir enteras o en forma de zumo de naranja.<\/span><\/p>\n<h3>Tiempo de cosecha<\/h3>\n<p>\u00c9poca de recolecci\u00f3n de las naranjas ecol\u00f3gicas Navelina: de noviembre a diciembre<\/p>\n<p>\u00c9poca de cosecha de las naranjas ecol\u00f3gicas Navelate: de enero a febrero<\/p>\n<p>Nuestras naranjas ecol\u00f3gicas no est\u00e1n posmaduradas artificialmente y la piel no est\u00e1 tratada.<\/p>\n<p>Por lo tanto, las primeras naranjas pueden seguir teniendo un color naranja verdoso. El color verde NO ES SIGNO DE INMADUREZ.<\/p>\n<p><span style=\"color: #d0121a;\">La c\u00e1scara puede tener peque\u00f1as manchas en determinadas circunstancias. Se deben a un ataque de la plaga de los c\u00edtricos Serpeta. La pulpa de la fruta no se ve afectada por este ataque y puede consumirse sin problemas.<\/span><\/p>\n","protected":false},"excerpt":{"rendered":"<p>Naranjas de Mesa ecol\u00f3gicas procedentes de la agricultura ecol\u00f3gica controlada.<\/p>\n<p><strong>El precio final incluye los gastos de transporte (con GLS) y el IVA.<\/strong><\/p>\n<p><strong>Seg\u00fan la nueva reforma del IVA de la UE, el IVA se ajusta autom\u00e1ticamente al pa\u00eds de entrega.<\/strong><\/p>\n","protected":false},"featured_media":3396,"comment_status":"closed","ping_status":"closed","template":"","meta":[],"product_brand":[],"product_cat":[89],"product_tag":[111,169,159,155],"class_list":{"0":"post-3397","1":"product","2":"type-product","3":"status-publish","4":"has-post-thumbnail","6":"product_cat-citricos-ecologicos","7":"product_tag-ecologico","8":"product_tag-naranja-zumo","9":"product_tag-naranjas","10":"product_tag-navelina","12":"first","13":"instock","14":"featured","15":"taxable","16":"shipping-taxable","17":"product-type-variable"},"_links":{"self":[{"href":"https:\/\/www.frutas-biobena.com\/es\/wp-json\/wp\/v2\/product\/3397","targetHints":{"allow":["GET"]}}],"collection":[{"href":"https:\/\/www.frutas-biobena.com\/es\/wp-json\/wp\/v2\/product"}],"about":[{"href":"https:\/\/www.frutas-biobena.com\/es\/wp-json\/wp\/v2\/types\/product"}],"replies":[{"embeddable":true,"href":"https:\/\/www.frutas-biobena.com\/es\/wp-json\/wp\/v2\/comments?post=3397"}],"wp:featuredmedia":[{"embeddable":true,"href":"https:\/\/www.frutas-biobena.com\/es\/wp-json\/wp\/v2\/media\/3396"}],"wp:attachment":[{"href":"https:\/\/www.frutas-biobena.com\/es\/wp-json\/wp\/v2\/media?parent=3397"}],"wp:term":[{"taxonomy":"product_brand","embeddable":true,"href":"https:\/\/www.frutas-biobena.com\/es\/wp-json\/wp\/v2\/product_brand?post=3397"},{"taxonomy":"product_cat","embeddable":true,"href":"https:\/\/www.frutas-biobena.com\/es\/wp-json\/wp\/v2\/product_cat?post=3397"},{"taxonomy":"product_tag","embeddable":true,"href":"https:\/\/www.frutas-biobena.com\/es\/wp-json\/wp\/v2\/product_tag?post=3397"}],"curies":[{"name":"wp","href":"https:\/\/api.w.org\/{rel}","templated":true}]}}