{"id":4194,"date":"2023-11-16T21:32:32","date_gmt":"2023-11-16T19:32:32","guid":{"rendered":"https:\/\/www.frutas-biobena.com\/?post_type=product&#038;p=4194"},"modified":"2025-11-06T23:31:02","modified_gmt":"2025-11-06T21:31:02","slug":"8-kg-aguacate-ecologico-y-mandarinas-ecologicas","status":"publish","type":"product","link":"https:\/\/www.frutas-biobena.com\/es\/producto\/8-kg-aguacate-ecologico-y-mandarinas-ecologicas\/","title":{"rendered":"CAJA MIXTA AGUACATE Y NARANJAS ECOLOGICOS 17KG"},"content":{"rendered":"<h3>Aguacate ecol\u00f3gico y naranjas ecol\u00f3gicas procedentes de la agricultura ecol\u00f3gica controlada.<\/h3>\n<p>Nuestros aguacates y mandarinas ecol\u00f3gicos proceden exclusivamente de fincas ecol\u00f3gicas certificadas de la Comarca Valle de Guardalhorce y Axarqu\u00eda, Benamargosa, M\u00e1laga-Andaluc\u00eda. El clima subtropical del sur de Andaluc\u00eda es ideal para el cultivo de frutas tropicales y c\u00edtricos.<\/p>\n<p>\u00c9poca de cosecha aguacate Fuerte ecol\u00f3gico: octubre &#8211; enero<\/p>\n<p>\u00c9poca de cosecha de las naranjas ecol\u00f3gicas noviembre-marzo<\/p>\n<p>&nbsp;<\/p>\n","protected":false},"excerpt":{"rendered":"<p>7kg de aguacate Fuerte (todo los calibres), 10kg de naranjas procedentes de agricultura ecol\u00f3gica certificada.<\/p>\n<p><strong>El precio final incluye los gastos de transporte (con GLS) y el IVA.<\/strong><\/p>\n<p><strong>Seg\u00fan la nueva reforma del IVA de la UE, el IVA se ajusta autom\u00e1ticamente al pa\u00eds de entrega.<\/strong><\/p>\n<p>&nbsp;<\/p>\n","protected":false},"featured_media":4101,"comment_status":"closed","ping_status":"closed","template":"","meta":[],"product_brand":[],"product_cat":[183,89,88],"product_tag":[111,159,155],"class_list":{"0":"post-4194","1":"product","2":"type-product","3":"status-publish","4":"has-post-thumbnail","6":"product_cat-caja-mezcla-productos-ecologicos","7":"product_cat-citricos-ecologicos","8":"product_cat-frutas-tropicales-ecologicas","9":"product_tag-ecologico","10":"product_tag-naranjas","11":"product_tag-navelina","13":"first","14":"instock","15":"taxable","16":"shipping-taxable","17":"product-type-simple"},"_links":{"self":[{"href":"https:\/\/www.frutas-biobena.com\/es\/wp-json\/wp\/v2\/product\/4194","targetHints":{"allow":["GET"]}}],"collection":[{"href":"https:\/\/www.frutas-biobena.com\/es\/wp-json\/wp\/v2\/product"}],"about":[{"href":"https:\/\/www.frutas-biobena.com\/es\/wp-json\/wp\/v2\/types\/product"}],"replies":[{"embeddable":true,"href":"https:\/\/www.frutas-biobena.com\/es\/wp-json\/wp\/v2\/comments?post=4194"}],"wp:featuredmedia":[{"embeddable":true,"href":"https:\/\/www.frutas-biobena.com\/es\/wp-json\/wp\/v2\/media\/4101"}],"wp:attachment":[{"href":"https:\/\/www.frutas-biobena.com\/es\/wp-json\/wp\/v2\/media?parent=4194"}],"wp:term":[{"taxonomy":"product_brand","embeddable":true,"href":"https:\/\/www.frutas-biobena.com\/es\/wp-json\/wp\/v2\/product_brand?post=4194"},{"taxonomy":"product_cat","embeddable":true,"href":"https:\/\/www.frutas-biobena.com\/es\/wp-json\/wp\/v2\/product_cat?post=4194"},{"taxonomy":"product_tag","embeddable":true,"href":"https:\/\/www.frutas-biobena.com\/es\/wp-json\/wp\/v2\/product_tag?post=4194"}],"curies":[{"name":"wp","href":"https:\/\/api.w.org\/{rel}","templated":true}]}}