{"id":4392,"date":"2023-12-13T22:31:41","date_gmt":"2023-12-13T20:31:41","guid":{"rendered":"https:\/\/www.frutas-biobena.com\/produkt\/aguacate-hass-ecologico-2\/"},"modified":"2024-01-04T22:41:04","modified_gmt":"2024-01-04T20:41:04","slug":"aguacate-hass-ecologico-2","status":"publish","type":"product","link":"https:\/\/www.frutas-biobena.com\/es\/producto\/aguacate-hass-ecologico-2\/","title":{"rendered":"Aguacate Hass ecol\u00f3gico"},"content":{"rendered":"<h3>Aguacate Hass procedente de agricultura ecol\u00f3gica controlada.<\/h3>\n<p>Nuestros aguacates ecol\u00f3gicos proceden exclusivamente de fincas ecol\u00f3gicas certificadas de la comarca de la Axarqu\u00eda, provincia de M\u00e1laga-Andaluc\u00eda. El clima subtropical del sur de Andaluc\u00eda es ideal para el cultivo de frutas tropicales.<\/p>\n<p>El aguacate de la variedad Hass tiene una forma redondeada y ovoide. Su peso medio es de 90 -350 g. La c\u00e1scara es gruesa y de textura rugosa. La fruta es muy f\u00e1cil de pelar. La carne tiene un color entre blanco y verdoso, es blanda y sabe a nuez. El contenido de aceite oscila entre el 18% y el 23%.<\/p>\n<h3>\u00c9poca de cosecha.<\/h3>\n<p>\u00c9poca de recolecci\u00f3n de nuestro aguacate Hass: de noviembre a abril<\/p>\n<p>Nuestros aguacates ecol\u00f3gicos se cosechan poco antes de que est\u00e9n completamente maduros. Por lo tanto, es muy posible que el aguacate ecol\u00f3gico que reciba de nosotros todav\u00eda necesite unos d\u00edas para desarrollar su plena madurez.<\/p>\n<p>Los aguacates maduros de la variedad Hass ceden ligeramente al presionarlos ligeramente y el color de la piel se vuelve negro.<\/p>\n<p>Los aguacates maduran m\u00e1s r\u00e1pido a temperatura ambiente. Sin embargo, tambi\u00e9n pueden conservarse con seguridad en el frigor\u00edfico durante m\u00e1s tiempo.<\/p>\n","protected":false},"excerpt":{"rendered":"<p>Aguacate Hass ecol\u00f3gico (sin clasificar por pieza 90 &#8211; 350g) procedente de agricultura ecol\u00f3gica certificada. Pa\u00eds de origen: Espa\u00f1a<\/p>\n<p><strong>El precio final incluye los gastos de transporte (con GLS) y el IVA.<\/strong><\/p>\n<p><strong>Seg\u00fan la nueva reforma del IVA de la UE, el IVA se ajusta autom\u00e1ticamente al pa\u00eds de entrega.<\/strong><\/p>\n","protected":false},"featured_media":4289,"comment_status":"closed","ping_status":"closed","template":"","meta":[],"product_brand":[],"product_cat":[88],"product_tag":[109,113,111,133],"class_list":{"0":"post-4392","1":"product","2":"type-product","3":"status-publish","4":"has-post-thumbnail","6":"product_cat-frutas-tropicales-ecologicas","7":"product_tag-aguacates","8":"product_tag-aguacates-ecologicos","9":"product_tag-ecologico","10":"product_tag-frutas-tropicales-ecologicas","12":"first","13":"instock","14":"taxable","15":"shipping-taxable","16":"product-type-variable"},"_links":{"self":[{"href":"https:\/\/www.frutas-biobena.com\/es\/wp-json\/wp\/v2\/product\/4392","targetHints":{"allow":["GET"]}}],"collection":[{"href":"https:\/\/www.frutas-biobena.com\/es\/wp-json\/wp\/v2\/product"}],"about":[{"href":"https:\/\/www.frutas-biobena.com\/es\/wp-json\/wp\/v2\/types\/product"}],"replies":[{"embeddable":true,"href":"https:\/\/www.frutas-biobena.com\/es\/wp-json\/wp\/v2\/comments?post=4392"}],"wp:featuredmedia":[{"embeddable":true,"href":"https:\/\/www.frutas-biobena.com\/es\/wp-json\/wp\/v2\/media\/4289"}],"wp:attachment":[{"href":"https:\/\/www.frutas-biobena.com\/es\/wp-json\/wp\/v2\/media?parent=4392"}],"wp:term":[{"taxonomy":"product_brand","embeddable":true,"href":"https:\/\/www.frutas-biobena.com\/es\/wp-json\/wp\/v2\/product_brand?post=4392"},{"taxonomy":"product_cat","embeddable":true,"href":"https:\/\/www.frutas-biobena.com\/es\/wp-json\/wp\/v2\/product_cat?post=4392"},{"taxonomy":"product_tag","embeddable":true,"href":"https:\/\/www.frutas-biobena.com\/es\/wp-json\/wp\/v2\/product_tag?post=4392"}],"curies":[{"name":"wp","href":"https:\/\/api.w.org\/{rel}","templated":true}]}}