{"id":6174,"date":"2025-11-13T11:50:31","date_gmt":"2025-11-13T09:50:31","guid":{"rendered":"https:\/\/www.frutas-biobena.com\/?post_type=product&#038;p=6174"},"modified":"2025-11-13T12:08:24","modified_gmt":"2025-11-13T10:08:24","slug":"aguacate-bacon-ecologico-kopie","status":"publish","type":"product","link":"https:\/\/www.frutas-biobena.com\/es\/producto\/aguacate-bacon-ecologico-kopie\/","title":{"rendered":"Aguacate Bacon o Fuerte ecol\u00f3gico categor\u00eda segunda"},"content":{"rendered":"<h3>Aguacate Bacon o Fuerte segunda ecol\u00f3gico procedente de la agricultura ecol\u00f3gica controlada.<\/h3>\n<p>Nuestros aguacates ecol\u00f3gicos proceden exclusivamente de fincas ecol\u00f3gicas certificadas de la comarca de la Axarqu\u00eda, provincia de M\u00e1laga, Andaluc\u00eda. El clima subtropical del sur de Andaluc\u00eda es ideal para el cultivo de frutas tropicales.<\/p>\n<p>El aguacate de la variedad BACON tiene forma ovalada y pesa una media de 100-200 g. La piel lisa y de color verde claro es fina y muy f\u00e1cil de pelar. La carne tiene un sabor suave.<\/p>\n<p>\u00c9poca de cosecha de nuestro aguacate BACON: de mediados de octubre a mediados de noviembre,<\/p>\n<p><span style=\"color: #ff0000;\"><strong>PR\u00d3XIMA FECHA DE ENV\u00cdO: 17.11.<\/strong><\/span><\/p>\n<p>&nbsp;<\/p>\n<h3>Para consumir un delicioso aguacate ecol\u00f3gico<\/h3>\n<p>Nuestros aguacates ecol\u00f3gicos se cosechan poco antes de que est\u00e9n completamente maduros. Por lo tanto, es muy posible que los aguacates ecol\u00f3gicos que reciba de nosotros necesiten todav\u00eda unos d\u00edas para desarrollar su plena madurez.<\/p>\n<p>-Los aguacates maduran mejor a temperatura ambiente.<\/p>\n<p>&#8211; Envolver la fruta en papel de peri\u00f3dico o guardarla en una caja de transporte cerrada con otras frutas maduras puede acelerar el proceso de maduraci\u00f3n.<\/p>\n<p>-Para evitar que todos los aguacates maduren a la vez, se recomienda guardar algunos aguacates en un lugar m\u00e1s fresco.<\/p>\n<p>-Dependiendo de la temperatura de almacenamiento, la maduraci\u00f3n tarda entre 2 y 8 d\u00edas tras la recepci\u00f3n de la fruta.<\/p>\n<p>-Los aguacates maduros de la variedad bacon ceden un poco al presionarlos ligeramente.<\/p>\n<p>-Los aguacates maduros de la variedad Bacon no cambian de color durante el proceso de posmaduraci\u00f3n.<\/p>\n<p>-Los aguacates pelados se conservan poco tiempo a temperatura ambiente. En cambio, en el frigor\u00edfico pueden conservarse hasta dos semanas y, en ocasiones, m\u00e1s.<\/p>\n<p>-La temperatura de almacenamiento no debe ser inferior a 6 grados.<\/p>\n","protected":false},"excerpt":{"rendered":"<p>Aguacate Bacon o Fuerte categor\u00eda segunda ecol\u00f3gico procedente de la agricultura ecol\u00f3gica controlada. Pa\u00eds de origen: Espa\u00f1a<\/p>\n<p><strong>El precio final incluye los gastos de transporte (con GLS) y el IVA.<\/strong><\/p>\n<p><strong>Seg\u00fan la nueva reforma del IVA de la UE, el IVA se ajusta autom\u00e1ticamente al pa\u00eds de entrega.<\/strong><\/p>\n","protected":false},"featured_media":6186,"comment_status":"closed","ping_status":"closed","template":"","meta":[],"product_brand":[],"product_cat":[88],"product_tag":[109,113,111,133],"class_list":{"0":"post-6174","1":"product","2":"type-product","3":"status-publish","4":"has-post-thumbnail","6":"product_cat-frutas-tropicales-ecologicas","7":"product_tag-aguacates","8":"product_tag-aguacates-ecologicos","9":"product_tag-ecologico","10":"product_tag-frutas-tropicales-ecologicas","12":"first","13":"instock","14":"sold-individually","15":"taxable","16":"shipping-taxable","17":"product-type-variable"},"_links":{"self":[{"href":"https:\/\/www.frutas-biobena.com\/es\/wp-json\/wp\/v2\/product\/6174","targetHints":{"allow":["GET"]}}],"collection":[{"href":"https:\/\/www.frutas-biobena.com\/es\/wp-json\/wp\/v2\/product"}],"about":[{"href":"https:\/\/www.frutas-biobena.com\/es\/wp-json\/wp\/v2\/types\/product"}],"replies":[{"embeddable":true,"href":"https:\/\/www.frutas-biobena.com\/es\/wp-json\/wp\/v2\/comments?post=6174"}],"wp:featuredmedia":[{"embeddable":true,"href":"https:\/\/www.frutas-biobena.com\/es\/wp-json\/wp\/v2\/media\/6186"}],"wp:attachment":[{"href":"https:\/\/www.frutas-biobena.com\/es\/wp-json\/wp\/v2\/media?parent=6174"}],"wp:term":[{"taxonomy":"product_brand","embeddable":true,"href":"https:\/\/www.frutas-biobena.com\/es\/wp-json\/wp\/v2\/product_brand?post=6174"},{"taxonomy":"product_cat","embeddable":true,"href":"https:\/\/www.frutas-biobena.com\/es\/wp-json\/wp\/v2\/product_cat?post=6174"},{"taxonomy":"product_tag","embeddable":true,"href":"https:\/\/www.frutas-biobena.com\/es\/wp-json\/wp\/v2\/product_tag?post=6174"}],"curies":[{"name":"wp","href":"https:\/\/api.w.org\/{rel}","templated":true}]}}