{"id":6250,"date":"2025-01-03T00:17:35","date_gmt":"2025-01-02T22:17:35","guid":{"rendered":"https:\/\/www.frutas-biobena.com\/produkt\/10-kg-bio-tafelorangen-8-kg-pampelmusen-3-kg-avocado-hass-2-kg-bio-zitronen-kopie\/"},"modified":"2025-11-22T22:03:17","modified_gmt":"2025-11-22T20:03:17","slug":"10-kg-bio-tafelorangen-8-kg-pampelmusen-3-kg-avocado-hass-2-kg-bio-zitronen-kopie","status":"publish","type":"product","link":"https:\/\/www.frutas-biobena.com\/es\/producto\/10-kg-bio-tafelorangen-8-kg-pampelmusen-3-kg-avocado-hass-2-kg-bio-zitronen-kopie\/","title":{"rendered":"CAJA MIXTA NARANJA ECO, LIM\u00d3N ECO, POMELO, ROJO ECO 25KG"},"content":{"rendered":"<h3>naranja eco, lim\u00f3n eco, pomelo rojo eco de agricultura ecol\u00f3gica<\/h3>\n<p>Nuestros pomelos rojos ecol\u00f3gicos, naranjas ecol\u00f3gicas y limones ecol\u00f3gicos proceden exclusivamente de fincas ecol\u00f3gicas certificadas de la Comarca Valle de Guardalhorce y Axarqu\u00eda, Benamargosa, M\u00e1laga-Andaluc\u00eda. El clima subtropical del sur de Andaluc\u00eda es ideal para el cultivo de frutas tropicales y c\u00edtricos.<\/p>\n<p>\u00c9poca de cosecha de la naranja ecol\u00f3gica: noviembre &#8211; abril<\/p>\n<p>\u00c9poca de cosecha de los pomelos rojos ecol\u00f3gicas noviembre &#8211; diciembre<\/p>\n<p>\u00c9poca de cosecha limones ecol\u00f3gicos: Septiembre &#8211; Abril<\/p>\n<p>&nbsp;<\/p>\n<p>&nbsp;<\/p>\n","protected":false},"excerpt":{"rendered":"<p>10kg naranja eco, 10kg pomelo rojo eco, 5kg lim\u00f3n eco de agricultura ecologica<\/p>\n<p>&nbsp;<\/p>\n","protected":false},"featured_media":2678,"comment_status":"closed","ping_status":"closed","template":"","meta":[],"product_brand":[],"product_cat":[89],"product_tag":[111,159,155],"class_list":{"0":"post-6250","1":"product","2":"type-product","3":"status-publish","4":"has-post-thumbnail","6":"product_cat-citricos-ecologicos","7":"product_tag-ecologico","8":"product_tag-naranjas","9":"product_tag-navelina","11":"first","12":"instock","13":"taxable","14":"shipping-taxable","15":"product-type-simple"},"_links":{"self":[{"href":"https:\/\/www.frutas-biobena.com\/es\/wp-json\/wp\/v2\/product\/6250","targetHints":{"allow":["GET"]}}],"collection":[{"href":"https:\/\/www.frutas-biobena.com\/es\/wp-json\/wp\/v2\/product"}],"about":[{"href":"https:\/\/www.frutas-biobena.com\/es\/wp-json\/wp\/v2\/types\/product"}],"replies":[{"embeddable":true,"href":"https:\/\/www.frutas-biobena.com\/es\/wp-json\/wp\/v2\/comments?post=6250"}],"wp:featuredmedia":[{"embeddable":true,"href":"https:\/\/www.frutas-biobena.com\/es\/wp-json\/wp\/v2\/media\/2678"}],"wp:attachment":[{"href":"https:\/\/www.frutas-biobena.com\/es\/wp-json\/wp\/v2\/media?parent=6250"}],"wp:term":[{"taxonomy":"product_brand","embeddable":true,"href":"https:\/\/www.frutas-biobena.com\/es\/wp-json\/wp\/v2\/product_brand?post=6250"},{"taxonomy":"product_cat","embeddable":true,"href":"https:\/\/www.frutas-biobena.com\/es\/wp-json\/wp\/v2\/product_cat?post=6250"},{"taxonomy":"product_tag","embeddable":true,"href":"https:\/\/www.frutas-biobena.com\/es\/wp-json\/wp\/v2\/product_tag?post=6250"}],"curies":[{"name":"wp","href":"https:\/\/api.w.org\/{rel}","templated":true}]}}