{"id":6466,"date":"2026-02-12T21:59:03","date_gmt":"2026-02-12T19:59:03","guid":{"rendered":"https:\/\/www.frutas-biobena.com\/?post_type=product&#038;p=6466"},"modified":"2026-02-12T22:05:38","modified_gmt":"2026-02-12T20:05:38","slug":"11-kg-aguacate-hass-ecologico-y-mandarinas-ecologicas-kopie","status":"publish","type":"product","link":"https:\/\/www.frutas-biobena.com\/es\/producto\/11-kg-aguacate-hass-ecologico-y-mandarinas-ecologicas-kopie\/","title":{"rendered":"11 KG Aguacate Hass ecol\u00f3gico y mandarinas de zumo ecol\u00f3gicas"},"content":{"rendered":"<h3>Aguacate Hass ecol\u00f3gico y mandarinas de zumo ecol\u00f3gicas procedentes de la agricultura ecol\u00f3gica controlada.<\/h3>\n<p>Nuestro aguacate Hass y mandarinas ecol\u00f3gicos proceden exclusivamente de fincas ecol\u00f3gicas certificadas de la Comarca Valle de Guardalhorce y Axarqu\u00eda, Benamargosa, M\u00e1laga-Andaluc\u00eda. El clima subtropical del sur de Andaluc\u00eda es ideal para el cultivo de frutas tropicales y c\u00edtricos.<\/p>\n<p>\u00c9poca de cosecha aguacate Hass ecol\u00f3gico: diciembre &#8211; abril<\/p>\n<p>\u00c9poca de cosecha de las mandarinas de zumo ecol\u00f3gicas: febrero<\/p>\n<p>&nbsp;<\/p>\n","protected":false},"excerpt":{"rendered":"<p>5kg de aguacate Hass (todo los calibres), 6kg de mandarinas de zumo procedentes de agricultura ecol\u00f3gica certificada.<\/p>\n<p>&nbsp;<\/p>\n","protected":false},"featured_media":4429,"comment_status":"closed","ping_status":"closed","template":"","meta":[],"product_brand":[],"product_cat":[183,89,88],"product_tag":[111,159,155],"class_list":{"0":"post-6466","1":"product","2":"type-product","3":"status-publish","4":"has-post-thumbnail","6":"product_cat-caja-mezcla-productos-ecologicos","7":"product_cat-citricos-ecologicos","8":"product_cat-frutas-tropicales-ecologicas","9":"product_tag-ecologico","10":"product_tag-naranjas","11":"product_tag-navelina","13":"first","14":"instock","15":"taxable","16":"shipping-taxable","17":"product-type-simple"},"_links":{"self":[{"href":"https:\/\/www.frutas-biobena.com\/es\/wp-json\/wp\/v2\/product\/6466","targetHints":{"allow":["GET"]}}],"collection":[{"href":"https:\/\/www.frutas-biobena.com\/es\/wp-json\/wp\/v2\/product"}],"about":[{"href":"https:\/\/www.frutas-biobena.com\/es\/wp-json\/wp\/v2\/types\/product"}],"replies":[{"embeddable":true,"href":"https:\/\/www.frutas-biobena.com\/es\/wp-json\/wp\/v2\/comments?post=6466"}],"wp:featuredmedia":[{"embeddable":true,"href":"https:\/\/www.frutas-biobena.com\/es\/wp-json\/wp\/v2\/media\/4429"}],"wp:attachment":[{"href":"https:\/\/www.frutas-biobena.com\/es\/wp-json\/wp\/v2\/media?parent=6466"}],"wp:term":[{"taxonomy":"product_brand","embeddable":true,"href":"https:\/\/www.frutas-biobena.com\/es\/wp-json\/wp\/v2\/product_brand?post=6466"},{"taxonomy":"product_cat","embeddable":true,"href":"https:\/\/www.frutas-biobena.com\/es\/wp-json\/wp\/v2\/product_cat?post=6466"},{"taxonomy":"product_tag","embeddable":true,"href":"https:\/\/www.frutas-biobena.com\/es\/wp-json\/wp\/v2\/product_tag?post=6466"}],"curies":[{"name":"wp","href":"https:\/\/api.w.org\/{rel}","templated":true}]}}