{"id":2182,"date":"2013-09-02T16:17:06","date_gmt":"2013-09-02T14:17:06","guid":{"rendered":"https:\/\/www.frutas-biobena.com\/fruits-bio-issus-de-lagriculture-biologique-certifiee\/"},"modified":"2022-07-14T18:55:23","modified_gmt":"2022-07-14T16:55:23","slug":"produits-bio-agriculture-biologique","status":"publish","type":"page","link":"https:\/\/www.frutas-biobena.com\/fr\/produits-bio-agriculture-biologique\/","title":{"rendered":"Produits bio issus de l&rsquo;agriculture biologique contr\u00f4l\u00e9e"},"content":{"rendered":"<p><!--:de--><\/p>\n<h4>C&rsquo;est un plaisir pour nous de vous pr\u00e9senter notre ferme biologique et nos Produits bio.<\/h4>\n<p>&laquo;&nbsp;FRUTAS BIOBENA SL&nbsp;&raquo; est une jeune entreprise dynamique qui propose des produits bio et a \u00e9t\u00e9 fond\u00e9e en 2013. Tous les membres fondateurs et fournisseurs sont int\u00e9gr\u00e9s dans l&rsquo;agriculture biologique, ils sont des agriculteurs biologiques dans l&rsquo;\u00e2me et se sont r\u00e9cemment consacr\u00e9s \u00e0 la vente de leurs produits bio. . Nous proposons nos fruits biologiques aux d\u00e9taillants, aux groupes de consommateurs et aux m\u00e9nages priv\u00e9s.<\/p>\n<figure id=\"attachment_2119\" aria-describedby=\"caption-attachment-2119\" style=\"width: 400px\" class=\"wp-caption alignright\"><a title=\"plantation de citron\" href=\"https:\/\/www.frutas-biobena.com\/wp-content\/uploads\/Zitronenplantage.jpg\"><img loading=\"lazy\" decoding=\"async\" class=\"size-full wp-image-2119 \" title=\"plantation de citron\" src=\"https:\/\/www.frutas-biobena.com\/wp-content\/uploads\/Zitronenplantage.jpg\" alt=\"\" width=\"400\" height=\"225\" srcset=\"https:\/\/www.frutas-biobena.com\/wp-content\/uploads\/Zitronenplantage.jpg 400w, https:\/\/www.frutas-biobena.com\/wp-content\/uploads\/Zitronenplantage-300x168.jpg 300w\" sizes=\"auto, (max-width: 400px) 100vw, 400px\" \/><\/a><figcaption id=\"caption-attachment-2119\" class=\"wp-caption-text\">plantation de citron<\/figcaption><\/figure>\n<p>Notre entreprise BIO porte le nom <strong>&laquo;&nbsp;FRUTAS BIOBENA SL&nbsp;&raquo;<\/strong> et repr\u00e9sente l&rsquo;AGRICULTURE BIOLOGIQUE et BENAmargosa, une petite communaut\u00e9 tranquille, situ\u00e9e au centre de la r\u00e9gion d&rsquo;Axarquia, sur la Costa del Sol, si\u00e8ge de <strong>&laquo;&nbsp;FRUTAS BIOBENA SL&nbsp;&raquo;.<\/strong><\/p>\n<p>Comme la plupart de l&rsquo;Andalousie, Benamargosa est entour\u00e9e de nombreuses collines et collines, ench\u00e2ss\u00e9es dans une vall\u00e9e qui s&rsquo;\u00e9tend le long de la rivi\u00e8re du m\u00eame nom. Il y r\u00e8gne un climat m\u00e9diterran\u00e9en doux, que l&rsquo;on peut \u00e0 juste titre qualifier de subtropical. Id\u00e9al pour cultiver nos fruits tropicaux BIO et nos agrumes BIO. Sur les rives de la rivi\u00e8re Benamargosa se trouvent les citronniers et les vergers d&rsquo;avocatiers, et sur les cr\u00eates et les hauteurs, l\u00e0 o\u00f9 il fait le plus chaud, des mangues et d&rsquo;autres fruits tropicaux sont plant\u00e9s.<\/p>\n<p><strong>A cet effet, nous nous sommes fix\u00e9 les lignes directrices suivantes :<\/strong><\/p>\n<p><strong>Nous<\/strong> ne vendons que des produits bio.<\/p>\n<p><strong>Nous<\/strong> ne vendons que des produits bio d&rsquo;Andalousie.<\/p>\n<p><strong>Nous<\/strong> ne vendons que des produits BIO avec les normes de qualit\u00e9 les plus \u00e9lev\u00e9es.<\/p>\n<p><strong>Nous<\/strong> respectons les personnes et l&rsquo;environnement.<\/p>\n<p><strong>Nous<\/strong> utilisons les ressources en eau et en \u00e9nergie avec pr\u00e9caution.<\/p>\n<p><strong>Nous<\/strong> offrons une fiabilit\u00e9 \u00e0 100 %.<\/p>\n<h3><strong><span style=\"color: #008000;\">NOS PRODUITS SONT EXEMPTS DE PESTICIDES ET D&rsquo;HERBICIDES.<\/span><\/strong><\/h3>\n<h3><strong><span style=\"color: #008000;\">NOUS N&rsquo;UTILISONS AUCUN ENGRAIS ARTIFICIEL.<\/span><\/strong><\/h3>\n<h3><span style=\"color: #008000;\"><strong>CHAQUE FRUIT EST R\u00c9COLT\u00c9 \u00c0 LA MAIN ET IMM\u00c9DIATEMENT CONDITIONN\u00c9.<\/strong><\/span><\/h3>\n<h3><span style=\"color: #008000;\"><strong>NOUS N&rsquo;UTILISONS PAS DE CHAMBRES DE MATURATION ET LA PEAU EXT\u00c9RIEURE DES FRUITS N&rsquo;EST PAS TRAIT\u00c9E. <\/strong><\/span><\/h3>\n<h3><span style=\"color: #008000;\"><strong>NOS FRUITS SONT CERTIFI\u00c9S BIO. (CERTIFIER\u00a0: KIWA\u00a0; SELON LES DIRECTIVES DE L&rsquo;UE)<br \/>\n<\/strong><\/span><\/h3>\n<p><!--:--><!--:es--><\/p>\n<p>&nbsp;<\/p>\n<p><!--:--><\/p>\n","protected":false},"excerpt":{"rendered":"<p>C&rsquo;est un plaisir pour nous de vous pr\u00e9senter notre ferme biologique et nos Produits bio. &laquo;&nbsp;FRUTAS BIOBENA SL&nbsp;&raquo; est une jeune entreprise dynamique qui propose des produits bio et a \u00e9t\u00e9 fond\u00e9e en 2013. Tous les membres fondateurs et fournisseurs sont int\u00e9gr\u00e9s dans l&rsquo;agriculture biologique, ils sont des agriculteurs biologiques dans l&rsquo;\u00e2me et se sont [&hellip;]<\/p>\n","protected":false},"author":3,"featured_media":2117,"parent":0,"menu_order":10,"comment_status":"closed","ping_status":"closed","template":"","meta":{"footnotes":""},"class_list":["post-2182","page","type-page","status-publish","has-post-thumbnail","hentry"],"_links":{"self":[{"href":"https:\/\/www.frutas-biobena.com\/fr\/wp-json\/wp\/v2\/pages\/2182","targetHints":{"allow":["GET"]}}],"collection":[{"href":"https:\/\/www.frutas-biobena.com\/fr\/wp-json\/wp\/v2\/pages"}],"about":[{"href":"https:\/\/www.frutas-biobena.com\/fr\/wp-json\/wp\/v2\/types\/page"}],"author":[{"embeddable":true,"href":"https:\/\/www.frutas-biobena.com\/fr\/wp-json\/wp\/v2\/users\/3"}],"replies":[{"embeddable":true,"href":"https:\/\/www.frutas-biobena.com\/fr\/wp-json\/wp\/v2\/comments?post=2182"}],"version-history":[{"count":11,"href":"https:\/\/www.frutas-biobena.com\/fr\/wp-json\/wp\/v2\/pages\/2182\/revisions"}],"predecessor-version":[{"id":2580,"href":"https:\/\/www.frutas-biobena.com\/fr\/wp-json\/wp\/v2\/pages\/2182\/revisions\/2580"}],"wp:featuredmedia":[{"embeddable":true,"href":"https:\/\/www.frutas-biobena.com\/fr\/wp-json\/wp\/v2\/media\/2117"}],"wp:attachment":[{"href":"https:\/\/www.frutas-biobena.com\/fr\/wp-json\/wp\/v2\/media?parent=2182"}],"curies":[{"name":"wp","href":"https:\/\/api.w.org\/{rel}","templated":true}]}}