{"id":2217,"date":"2013-09-02T16:25:56","date_gmt":"2013-09-02T14:25:56","guid":{"rendered":"https:\/\/www.frutas-biobena.com\/imprimer\/"},"modified":"2022-07-16T18:54:56","modified_gmt":"2022-07-16T16:54:56","slug":"mentions-legales","status":"publish","type":"page","link":"https:\/\/www.frutas-biobena.com\/fr\/mentions-legales\/","title":{"rendered":"Mentions l\u00e9gales"},"content":{"rendered":"<p><!--:de--><\/p>\n<h3>Site de l&rsquo;entreprise<\/h3>\n<h4>Mentions l\u00e9gales<\/h4>\n<p>FRUTAS BIOBENA SL<\/p>\n<p>Forme commerciale : Soci\u00e9t\u00e9 Limit\u00e9e<\/p>\n<p>rue Arroyo Limon, num\u00e9ro 47<br \/>\n29718 Benamargosa-(Malaga)<br \/>\nEspagne<br \/>\nT\u00e9l\u00e9phone : Maria 0034 680757012 (disponible du lundi au vendredi de 9h00 \u00e0 14h00)<\/p>\n<p>Courrier:<script type=\"text\/javascript\">\/\/ <![CDATA[ var s5 = 'com'; var s4 = '.'; var s3 = 'frutas-biobena'; var s2 = '@'; var s1 = 'info'; var prefix = 'ma' + 'il' + 'to'; var path = 'hr' + 'ef' + '='; var s6 = s1 + s2 + s3 + s4 + s5; document.write('<a ' + path + '\\'' + prefix + ':' + s6 + '\\'>');\n\t\t\t\t\t document.write(s6);\n\t\t\t\t\t document.write('<\\\/a>');\n\/\/ ]]><\/script><\/p>\n<p>Num\u00e9ro de TVA : ESB93259794<\/p>\n<p>Responsable du contenu : Antonio Gutierrez Santiago<\/p>\n<h3>Clause de non-responsabilit\u00e9:<\/h3>\n<p>Les exploitants de ce site Web d\u00e9clinent toute responsabilit\u00e9 quant au contenu des liens externes. Les exploitants des sites Web li\u00e9s sont seuls responsables de leur contenu.<\/p>\n<p><strong>Droits d&rsquo;image et copyright :<\/strong><br \/>\nFrutas Biobena SL<br \/>\nFotolia\u00a0:<br \/>\n\u00a9 p!xel 66 &#8211; Fotolia.com<br \/>\n\u00a9 natashamam35 &#8211; Fotolia.com<br \/>\n\u00a9 govindji &#8211; Fotolia.com<br \/>\n\u00a9 Christian Jung &#8211; Fotolia.com<\/p>\n<p><a title=\"Conception et r\u00e9alisation du site internet : Artis Web Design\" href=\"http:\/\/www.artiswebdesign.net\" target=\"_blank\" rel=\"noopener\">Conception et r\u00e9alisation du site internet : Artis Web Design<\/a><!--:--><!--:es--><\/p>\n","protected":false},"excerpt":{"rendered":"<p>Site de l&rsquo;entreprise Mentions l\u00e9gales FRUTAS BIOBENA SL Forme commerciale : Soci\u00e9t\u00e9 Limit\u00e9e rue Arroyo Limon, num\u00e9ro 47 29718 Benamargosa-(Malaga) Espagne T\u00e9l\u00e9phone : Maria 0034 680757012 (disponible du lundi au vendredi de 9h00 \u00e0 14h00) Courrier: Num\u00e9ro de TVA : ESB93259794 Responsable du contenu : Antonio Gutierrez Santiago Clause de non-responsabilit\u00e9: Les exploitants de ce [&hellip;]<\/p>\n","protected":false},"author":3,"featured_media":2011,"parent":0,"menu_order":200,"comment_status":"closed","ping_status":"closed","template":"","meta":{"footnotes":""},"class_list":["post-2217","page","type-page","status-publish","has-post-thumbnail","hentry"],"_links":{"self":[{"href":"https:\/\/www.frutas-biobena.com\/fr\/wp-json\/wp\/v2\/pages\/2217","targetHints":{"allow":["GET"]}}],"collection":[{"href":"https:\/\/www.frutas-biobena.com\/fr\/wp-json\/wp\/v2\/pages"}],"about":[{"href":"https:\/\/www.frutas-biobena.com\/fr\/wp-json\/wp\/v2\/types\/page"}],"author":[{"embeddable":true,"href":"https:\/\/www.frutas-biobena.com\/fr\/wp-json\/wp\/v2\/users\/3"}],"replies":[{"embeddable":true,"href":"https:\/\/www.frutas-biobena.com\/fr\/wp-json\/wp\/v2\/comments?post=2217"}],"version-history":[{"count":7,"href":"https:\/\/www.frutas-biobena.com\/fr\/wp-json\/wp\/v2\/pages\/2217\/revisions"}],"predecessor-version":[{"id":2634,"href":"https:\/\/www.frutas-biobena.com\/fr\/wp-json\/wp\/v2\/pages\/2217\/revisions\/2634"}],"wp:featuredmedia":[{"embeddable":true,"href":"https:\/\/www.frutas-biobena.com\/fr\/wp-json\/wp\/v2\/media\/2011"}],"wp:attachment":[{"href":"https:\/\/www.frutas-biobena.com\/fr\/wp-json\/wp\/v2\/media?parent=2217"}],"curies":[{"name":"wp","href":"https:\/\/api.w.org\/{rel}","templated":true}]}}