{"id":2465,"date":"2018-08-17T19:18:58","date_gmt":"2018-08-17T17:18:58","guid":{"rendered":"https:\/\/www.frutas-biobena.com\/produkt\/angeles-marcona-bio-1kg-avec-peau\/"},"modified":"2022-07-26T14:07:31","modified_gmt":"2022-07-26T12:07:31","slug":"amandes-bio-1kg-2","status":"publish","type":"product","link":"https:\/\/www.frutas-biobena.com\/fr\/produit\/amandes-bio-1kg-2\/","title":{"rendered":"AMANDES BIO MARCONA BIO 1KG avec peau"},"content":{"rendered":"<h3>Amandes BIO Marcona.<\/h3>\n<p><a href=\"https:\/\/www.frutas-biobena.com\/wp-content\/uploads\/\/Saquitos-almendras-bio-225x300.jpg\"><img loading=\"lazy\" decoding=\"async\" class=\"alignright wp-image-2741 size-medium\" src=\"https:\/\/www.frutas-biobena.com\/wp-content\/uploads\/\/Saquitos-almendras-bio-225x300.jpg\" alt=\"Sachet d'amandes bio\" width=\"225\" height=\"300\" srcset=\"https:\/\/www.frutas-biobena.com\/wp-content\/uploads\/Saquitos-almendras-bio-225x300.jpg 225w, https:\/\/www.frutas-biobena.com\/wp-content\/uploads\/Saquitos-almendras-bio-768x1024.jpg 768w, https:\/\/www.frutas-biobena.com\/wp-content\/uploads\/Saquitos-almendras-bio-416x555.jpg 416w, https:\/\/www.frutas-biobena.com\/wp-content\/uploads\/Saquitos-almendras-bio.jpg 800w\" sizes=\"auto, (max-width: 225px) 100vw, 225px\" \/><\/a>L&rsquo;amande Marcona est la reine des amandes. Elle se caract\u00e9rise par son go\u00fbt noble et l\u00e9g\u00e8rement sucr\u00e9. Les amandes crues sans coque constituent un en-cas parfait et sain. Vous pouvez \u00e9galement les faire griller ou les utiliser en p\u00e2tisserie.<\/p>\n<p>Nos amandes BIO de la vari\u00e9t\u00e9 Marcona proviennent de la r\u00e9gion de Murcie. Le climat y est doux, le sol riche et le soleil abondant, ce qui cr\u00e9e des conditions id\u00e9ales pour la croissance de l&rsquo;<strong>amande<\/strong>, un fruit \u00e0 noyau.<\/p>\n<h3>R\u00e9colte des amandes<\/h3>\n<p>Les amandes bio Marcona sont r\u00e9colt\u00e9es de fin ao\u00fbt \u00e0 octobre en secouant m\u00e9caniquement les fruits des arbres et en les laissant d&rsquo;abord s\u00e9cher sur le sol. Apr\u00e8s environ une semaine, les amandes sont ramass\u00e9es m\u00e9caniquement et d\u00e9barrass\u00e9es de la terre, des feuilles et des branches.<\/p>\n<p>Les coques des amandes sont d\u00e9licatement cass\u00e9es et souffl\u00e9es. Parall\u00e8lement, les graines plates de 2,5 \u00e0 3 cm de long sont pr\u00e9-tri\u00e9es et d\u00e9barrass\u00e9es des r\u00e9sidus li\u00e9s \u00e0 la r\u00e9colte, tels que les restes de peau, la poussi\u00e8re. de pierres ou de particules m\u00e9talliques. Ensuite, les amygdales endommag\u00e9es sont tri\u00e9es et les derni\u00e8res traces de corps \u00e9trangers sont \u00e9galement \u00e9limin\u00e9es.<\/p>\n<p>Conseil de stockage : stocker au sec<\/p>\n","protected":false},"excerpt":{"rendered":"<p>Amandes bio Marcona avec peau 1kg issues de l&rsquo;agriculture biologique contr\u00f4l\u00e9e. Pays d&rsquo;origine : Espagne.<\/p>\n<p><strong>Le prix final comprend les frais de transport (avec GLS) et la TVA.<\/strong><\/p>\n<p><strong>Selon la nouvelle r\u00e9forme de la TVA de l&rsquo;UE, la TVA est automatiquement adapt\u00e9e au pays de livraison.<\/strong><\/p>\n","protected":false},"featured_media":2736,"comment_status":"closed","ping_status":"closed","template":"","meta":[],"product_brand":[],"product_cat":[86],"product_tag":[175,179,110],"class_list":{"0":"post-2465","1":"product","2":"type-product","3":"status-publish","4":"has-post-thumbnail","6":"product_cat-noix-bio","7":"product_tag-amandes","8":"product_tag-amandes-bio","9":"product_tag-bio-fr","11":"first","12":"instock","13":"taxable","14":"shipping-taxable","15":"purchasable","16":"product-type-simple"},"_links":{"self":[{"href":"https:\/\/www.frutas-biobena.com\/fr\/wp-json\/wp\/v2\/product\/2465","targetHints":{"allow":["GET"]}}],"collection":[{"href":"https:\/\/www.frutas-biobena.com\/fr\/wp-json\/wp\/v2\/product"}],"about":[{"href":"https:\/\/www.frutas-biobena.com\/fr\/wp-json\/wp\/v2\/types\/product"}],"replies":[{"embeddable":true,"href":"https:\/\/www.frutas-biobena.com\/fr\/wp-json\/wp\/v2\/comments?post=2465"}],"wp:featuredmedia":[{"embeddable":true,"href":"https:\/\/www.frutas-biobena.com\/fr\/wp-json\/wp\/v2\/media\/2736"}],"wp:attachment":[{"href":"https:\/\/www.frutas-biobena.com\/fr\/wp-json\/wp\/v2\/media?parent=2465"}],"wp:term":[{"taxonomy":"product_brand","embeddable":true,"href":"https:\/\/www.frutas-biobena.com\/fr\/wp-json\/wp\/v2\/product_brand?post=2465"},{"taxonomy":"product_cat","embeddable":true,"href":"https:\/\/www.frutas-biobena.com\/fr\/wp-json\/wp\/v2\/product_cat?post=2465"},{"taxonomy":"product_tag","embeddable":true,"href":"https:\/\/www.frutas-biobena.com\/fr\/wp-json\/wp\/v2\/product_tag?post=2465"}],"curies":[{"name":"wp","href":"https:\/\/api.w.org\/{rel}","templated":true}]}}