{"id":2467,"date":"2022-07-01T00:07:17","date_gmt":"2022-06-30T22:07:17","guid":{"rendered":"https:\/\/www.frutas-biobena.com\/produkt\/citrons-bio-primofiori\/"},"modified":"2022-07-20T22:00:10","modified_gmt":"2022-07-20T20:00:10","slug":"citron-bio-2","status":"publish","type":"product","link":"https:\/\/www.frutas-biobena.com\/fr\/produit\/citron-bio-2\/","title":{"rendered":"Citron bio Primofiori"},"content":{"rendered":"<h3>Acheter du citron bio<\/h3>\n<figure id=\"attachment_2107\" aria-describedby=\"caption-attachment-2107\" style=\"width: 300px\" class=\"wp-caption alignright\"><a href=\"https:\/\/www.frutas-biobena.com\/wp-content\/uploads\/2017-02-03_12-55-24.jpg\"><img loading=\"lazy\" decoding=\"async\" class=\"wp-image-2107 size-medium\" src=\"https:\/\/www.frutas-biobena.com\/wp-content\/uploads\/\/2017-02-03_12-55-24-300x225.jpg\" alt=\"Citron bio Primofiori\" width=\"300\" height=\"225\" srcset=\"https:\/\/www.frutas-biobena.com\/wp-content\/uploads\/2017-02-03_12-55-24-300x225.jpg 300w, https:\/\/www.frutas-biobena.com\/wp-content\/uploads\/2017-02-03_12-55-24-416x312.jpg 416w, https:\/\/www.frutas-biobena.com\/wp-content\/uploads\/2017-02-03_12-55-24-1024x768.jpg 1024w, https:\/\/www.frutas-biobena.com\/wp-content\/uploads\/2017-02-03_12-55-24.jpg 1600w\" sizes=\"auto, (max-width: 300px) 100vw, 300px\" \/><\/a><figcaption id=\"caption-attachment-2107\" class=\"wp-caption-text\">Citron bio Primofiori<\/figcaption><\/figure>\n<p>Citrons Primofiori issus de l&rsquo;agriculture biologique contr\u00f4l\u00e9e. Nos citrons proviennent exclusivement de fincas certifi\u00e9es bio de la comarca de l&rsquo;Axarquia, r\u00e9gion de M\u00e1laga-Andalousie. Le climat suptropical du sud de l&rsquo;Andalousie se pr\u00eate parfaitement \u00e0 la culture des agrumes.<\/p>\n<p>Le citron Primofiori a une forme elliptique et une peau tr\u00e8s fine. Elle contient particuli\u00e8rement beaucoup de jus, a peu de p\u00e9pins, un go\u00fbt intense et une forte teneur en acide citrique.<\/p>\n<p>P\u00e9riode de r\u00e9colte de nos citrons Primofiori : mi-ao\u00fbt \u00e0 fin avril.<\/p>\n<h3><span class=\"VIiyi\" lang=\"de\"><span class=\"JLqJ4b ChMk0b\" data-language-for-alternatives=\"de\" data-language-to-translate-into=\"es\" data-phrase-index=\"3\" data-number-of-phrases=\"4\"><span class=\"Q4iAWc\">Notre citron est unique !<\/span><\/span><\/span><\/h3>\n<p>Nos citrons ne sont pas m\u00fbris artificiellement et leur \u00e9corce n&rsquo;est pas trait\u00e9e. En septembre, la peau est vert clair et contient du jus. Nous signalons \u00e9galement que les diff\u00e9rents fruits obtenus changent de forme au cours de l&rsquo;ann\u00e9e de r\u00e9colte, que la peau peut \u00eatre plus rugueuse ou plus fine, qu&rsquo;elle peut avoir une taille diff\u00e9rente et qu&rsquo;elle peut contenir plus ou moins de p\u00e9pins.<\/p>\n<h3>La vari\u00e9t\u00e9 Primofiori<\/h3>\n<figure id=\"attachment_2075\" aria-describedby=\"caption-attachment-2075\" style=\"width: 300px\" class=\"wp-caption alignleft\"><a href=\"https:\/\/www.frutas-biobena.com\/wp-content\/uploads\/DSC02435.jpg\"><img loading=\"lazy\" decoding=\"async\" class=\"size-medium wp-image-2075\" src=\"https:\/\/www.frutas-biobena.com\/wp-content\/uploads\/\/DSC02435-300x225.jpg\" alt=\"Citron bio\" width=\"300\" height=\"225\" srcset=\"https:\/\/www.frutas-biobena.com\/wp-content\/uploads\/DSC02435-300x225.jpg 300w, https:\/\/www.frutas-biobena.com\/wp-content\/uploads\/DSC02435-416x312.jpg 416w, https:\/\/www.frutas-biobena.com\/wp-content\/uploads\/DSC02435-1024x768.jpg 1024w\" sizes=\"auto, (max-width: 300px) 100vw, 300px\" \/><\/a><figcaption id=\"caption-attachment-2075\" class=\"wp-caption-text\">Citron bio<\/figcaption><\/figure>\n<p>La vari\u00e9t\u00e9 de notre citron s&rsquo;appelle Primofiori. Il a la particularit\u00e9 d&rsquo;avoir une peau tr\u00e8s fine lors de sa r\u00e9colte principale, qui est la plus pr\u00e9coce d&rsquo;Espagne et peut-\u00eatre d&rsquo;Europe.<\/p>\n<p>&nbsp;<\/p>\n<p>&nbsp;<\/p>\n","protected":false},"excerpt":{"rendered":"<h4>Notre fantastique citron bio<\/h4>\n<p>Citron Primofiori issu de l&rsquo;agriculture biologique contr\u00f4l\u00e9e. Pays d&rsquo;origine : Espagne<\/p>\n<p><strong>Le prix final comprend les frais de transport (avec GLS) et la TVA.<\/strong><\/p>\n<p><strong>Selon la nouvelle r\u00e9forme de la TVA de l&rsquo;UE, la TVA est automatiquement adapt\u00e9e au pays de livraison.<\/strong><\/p>\n","protected":false},"featured_media":2697,"comment_status":"closed","ping_status":"closed","template":"","meta":[],"product_brand":[],"product_cat":[90],"product_tag":[110,172,134,166],"class_list":{"0":"post-2467","1":"product","2":"type-product","3":"status-publish","4":"has-post-thumbnail","6":"product_cat-agrumes-bio","7":"product_tag-bio-fr","8":"product_tag-citrons","9":"product_tag-citrons-bio","10":"product_tag-primofiori-fr","12":"first","13":"instock","14":"featured","15":"taxable","16":"shipping-taxable","17":"product-type-variable"},"_links":{"self":[{"href":"https:\/\/www.frutas-biobena.com\/fr\/wp-json\/wp\/v2\/product\/2467","targetHints":{"allow":["GET"]}}],"collection":[{"href":"https:\/\/www.frutas-biobena.com\/fr\/wp-json\/wp\/v2\/product"}],"about":[{"href":"https:\/\/www.frutas-biobena.com\/fr\/wp-json\/wp\/v2\/types\/product"}],"replies":[{"embeddable":true,"href":"https:\/\/www.frutas-biobena.com\/fr\/wp-json\/wp\/v2\/comments?post=2467"}],"wp:featuredmedia":[{"embeddable":true,"href":"https:\/\/www.frutas-biobena.com\/fr\/wp-json\/wp\/v2\/media\/2697"}],"wp:attachment":[{"href":"https:\/\/www.frutas-biobena.com\/fr\/wp-json\/wp\/v2\/media?parent=2467"}],"wp:term":[{"taxonomy":"product_brand","embeddable":true,"href":"https:\/\/www.frutas-biobena.com\/fr\/wp-json\/wp\/v2\/product_brand?post=2467"},{"taxonomy":"product_cat","embeddable":true,"href":"https:\/\/www.frutas-biobena.com\/fr\/wp-json\/wp\/v2\/product_cat?post=2467"},{"taxonomy":"product_tag","embeddable":true,"href":"https:\/\/www.frutas-biobena.com\/fr\/wp-json\/wp\/v2\/product_tag?post=2467"}],"curies":[{"name":"wp","href":"https:\/\/api.w.org\/{rel}","templated":true}]}}