{"id":3401,"date":"2022-11-13T12:19:39","date_gmt":"2022-11-13T10:19:39","guid":{"rendered":"https:\/\/www.frutas-biobena.com\/?post_type=product&#038;p=3401"},"modified":"2022-11-13T14:33:30","modified_gmt":"2022-11-13T12:33:30","slug":"oranges-bio","status":"publish","type":"product","link":"https:\/\/www.frutas-biobena.com\/fr\/produit\/oranges-bio\/","title":{"rendered":"Oranges bio"},"content":{"rendered":"<h3>Oranges bio des vari\u00e9t\u00e9s Navelina et Navelate issues de l&rsquo;agriculture biologique contr\u00f4l\u00e9e.<\/h3>\n<p>Nos oranges bio proviennent exclusivement de fincas certifi\u00e9es bio de la comarca Guardalhorce, r\u00e9gion de Malaga-Andalousie. Le climat suptropical du sud de l&rsquo;Andalousie se pr\u00eate parfaitement \u00e0 la culture des agrumes.<\/p>\n<p>Les oranges Navelina et Navelate appartiennent au groupe des oranges Navel et sont cultiv\u00e9es presque exclusivement en Espagne. Le calibre des fruits se situe plut\u00f4t dans la zone moyenne des oranges navel. La caract\u00e9ristique typique des oranges Navel, la protub\u00e9rance au sommet du fruit, est plut\u00f4t plus petite chez la Navelina. La Navelina est particuli\u00e8rement sucr\u00e9e et juteuse.<\/p>\n<p><span style=\"color: #218e53;\">Elles peuvent \u00eatre consomm\u00e9es enti\u00e8res ou sous forme de jus d&rsquo;orange.<\/span><\/p>\n<h3>Le temps des r\u00e9coltes<\/h3>\n<p>P\u00e9riode de r\u00e9colte des oranges bio Navelina : Novembre \u00e0 d\u00e9cembre<\/p>\n<p>P\u00e9riode de r\u00e9colte des oranges bio Navelate : Janvier \u00e0 f\u00e9vrier<\/p>\n<p>Nos oranges bio ne subissent pas de post-maturation artificielle et leur peau n&rsquo;est pas trait\u00e9e.<\/p>\n<p>C&rsquo;est pourquoi les premi\u00e8res oranges peuvent encore pr\u00e9senter une couleur orange verd\u00e2tre. La couleur verte n&rsquo;est PAS un signe d&rsquo;immaturit\u00e9.<\/p>\n<p><span style=\"color: #d0121a;\">La peau peut \u00e9ventuellement pr\u00e9senter de petits points. Celles-ci sont dues \u00e0 une attaque du parasite des agrumes Serpeta. La pulpe n&rsquo;est pas affect\u00e9e par cette attaque et peut \u00eatre consomm\u00e9e sans probl\u00e8me.<\/span><\/p>\n","protected":false},"excerpt":{"rendered":"<p>Oranges bio issues de l&rsquo;agriculture biologique contr\u00f4l\u00e9e.<\/p>\n<p><strong>Le prix final comprend les frais de transport (avec GLS) et la TVA.<\/strong><\/p>\n<p><strong>Selon la nouvelle r\u00e9forme de la TVA de l&rsquo;UE, la TVA est automatiquement adapt\u00e9e au pays de livraison.<\/strong><\/p>\n","protected":false},"featured_media":3395,"comment_status":"closed","ping_status":"closed","template":"","meta":[],"product_brand":[],"product_cat":[90],"product_tag":[110,158,168,154],"class_list":{"0":"post-3401","1":"product","2":"type-product","3":"status-publish","4":"has-post-thumbnail","6":"product_cat-agrumes-bio","7":"product_tag-bio-fr","8":"product_tag-des-oranges","9":"product_tag-jus-oranges","10":"product_tag-naveline-fr","12":"first","13":"instock","14":"featured","15":"taxable","16":"shipping-taxable","17":"product-type-variable"},"_links":{"self":[{"href":"https:\/\/www.frutas-biobena.com\/fr\/wp-json\/wp\/v2\/product\/3401","targetHints":{"allow":["GET"]}}],"collection":[{"href":"https:\/\/www.frutas-biobena.com\/fr\/wp-json\/wp\/v2\/product"}],"about":[{"href":"https:\/\/www.frutas-biobena.com\/fr\/wp-json\/wp\/v2\/types\/product"}],"replies":[{"embeddable":true,"href":"https:\/\/www.frutas-biobena.com\/fr\/wp-json\/wp\/v2\/comments?post=3401"}],"wp:featuredmedia":[{"embeddable":true,"href":"https:\/\/www.frutas-biobena.com\/fr\/wp-json\/wp\/v2\/media\/3395"}],"wp:attachment":[{"href":"https:\/\/www.frutas-biobena.com\/fr\/wp-json\/wp\/v2\/media?parent=3401"}],"wp:term":[{"taxonomy":"product_brand","embeddable":true,"href":"https:\/\/www.frutas-biobena.com\/fr\/wp-json\/wp\/v2\/product_brand?post=3401"},{"taxonomy":"product_cat","embeddable":true,"href":"https:\/\/www.frutas-biobena.com\/fr\/wp-json\/wp\/v2\/product_cat?post=3401"},{"taxonomy":"product_tag","embeddable":true,"href":"https:\/\/www.frutas-biobena.com\/fr\/wp-json\/wp\/v2\/product_tag?post=3401"}],"curies":[{"name":"wp","href":"https:\/\/api.w.org\/{rel}","templated":true}]}}