{"id":3467,"date":"2022-11-27T10:37:16","date_gmt":"2022-11-27T08:37:16","guid":{"rendered":"https:\/\/www.frutas-biobena.com\/?post_type=product&#038;p=3467"},"modified":"2022-12-04T22:44:44","modified_gmt":"2022-12-04T20:44:44","slug":"pamplemousse-rouge-bio","status":"publish","type":"product","link":"https:\/\/www.frutas-biobena.com\/fr\/produit\/pamplemousse-rouge-bio\/","title":{"rendered":"Pamplemousse rouge bio"},"content":{"rendered":"<h3>Pamplemousses bio issus de l&rsquo;agriculture biologique contr\u00f4l\u00e9e.<\/h3>\n<p>Nos noix de pamplemousse bio proviennent exclusivement de fincas certifi\u00e9es bio de la comarca de l&rsquo;Axarquia, r\u00e9gion de M\u00e1laga-Andalousie. Le climat suptropical du sud de l&rsquo;Andalousie se pr\u00eate parfaitement \u00e0 la culture des agrumes.<\/p>\n<p>Le pamplemousse rouge, \u00e9galement appel\u00e9 pomelo rojo, est un croisement entre le pamplemousse et le pamplemousse. Les fruits sont ronds \u00e0 piriformes. La couleur de la peau va du blanc jaun\u00e2tre au rouge\u00e2tre. Le fruit est divis\u00e9 en segments, chacun \u00e9tant entour\u00e9 d&rsquo;une peau solide. La peau a un go\u00fbt amer et est donc retir\u00e9e de la pulpe avant d&rsquo;\u00eatre consomm\u00e9e. La chair est rouge clair, de consistance ferme et a un go\u00fbt l\u00e9g\u00e8rement acidul\u00e9, parfois l\u00e9g\u00e8rement amer et rafra\u00eechissant.<\/p>\n<p>Nos pamplemousses bio ne sont pas m\u00fbris artificiellement et leur peau n&rsquo;est pas trait\u00e9e.<\/p>\n","protected":false},"excerpt":{"rendered":"<p>Pamplemousse rouge bio issu de l&rsquo;agriculture biologique contr\u00f4l\u00e9e.<\/p>\n<p><strong>Le prix final comprend les frais de transport (avec GLS) et la TVA.<\/strong><\/p>\n<p><strong>Selon la nouvelle r\u00e9forme de la TVA de l&rsquo;UE, la TVA est automatiquement adapt\u00e9e au pays de livraison.<\/strong><\/p>\n","protected":false},"featured_media":3462,"comment_status":"closed","ping_status":"closed","template":"","meta":[],"product_brand":[],"product_cat":[90],"product_tag":[110,162,124],"class_list":{"0":"post-3467","1":"product","2":"type-product","3":"status-publish","4":"has-post-thumbnail","6":"product_cat-agrumes-bio","7":"product_tag-bio-fr","8":"product_tag-pamplemousse","9":"product_tag-pamplemousse-bio","11":"first","12":"instock","13":"taxable","14":"shipping-taxable","15":"product-type-variable"},"_links":{"self":[{"href":"https:\/\/www.frutas-biobena.com\/fr\/wp-json\/wp\/v2\/product\/3467","targetHints":{"allow":["GET"]}}],"collection":[{"href":"https:\/\/www.frutas-biobena.com\/fr\/wp-json\/wp\/v2\/product"}],"about":[{"href":"https:\/\/www.frutas-biobena.com\/fr\/wp-json\/wp\/v2\/types\/product"}],"replies":[{"embeddable":true,"href":"https:\/\/www.frutas-biobena.com\/fr\/wp-json\/wp\/v2\/comments?post=3467"}],"wp:featuredmedia":[{"embeddable":true,"href":"https:\/\/www.frutas-biobena.com\/fr\/wp-json\/wp\/v2\/media\/3462"}],"wp:attachment":[{"href":"https:\/\/www.frutas-biobena.com\/fr\/wp-json\/wp\/v2\/media?parent=3467"}],"wp:term":[{"taxonomy":"product_brand","embeddable":true,"href":"https:\/\/www.frutas-biobena.com\/fr\/wp-json\/wp\/v2\/product_brand?post=3467"},{"taxonomy":"product_cat","embeddable":true,"href":"https:\/\/www.frutas-biobena.com\/fr\/wp-json\/wp\/v2\/product_cat?post=3467"},{"taxonomy":"product_tag","embeddable":true,"href":"https:\/\/www.frutas-biobena.com\/fr\/wp-json\/wp\/v2\/product_tag?post=3467"}],"curies":[{"name":"wp","href":"https:\/\/api.w.org\/{rel}","templated":true}]}}